{"id":88,"date":"2020-10-23T08:28:47","date_gmt":"2020-10-23T08:28:47","guid":{"rendered":"https:\/\/hsmechanik.ch\/?page_id=88"},"modified":"2024-01-02T13:34:08","modified_gmt":"2024-01-02T13:34:08","slug":"willkommen-bei-hs-mechanik-ag","status":"publish","type":"page","link":"https:\/\/hsmechanik.ch\/","title":{"rendered":"Willkommen bei hs mechanik ag"},"content":{"rendered":"<div id=\"pl-88\"  class=\"panel-layout\" ><div id=\"pg-88-0\"  class=\"panel-grid panel-no-style\" ><div id=\"pgc-88-0-0\"  class=\"panel-grid-cell\" ><div id=\"panel-88-0-0-0\" class=\"so-panel widget widget_sow-editor panel-first-child panel-last-child\" data-index=\"0\" ><div\n\t\t\t\n\t\t\tclass=\"so-widget-sow-editor so-widget-sow-editor-base\"\n\t\t\t\n\t\t><h3 class=\"widget-title\">Unsere Leidenschaft f\u00fcr Maschinen und Mechanik<\/h3>\n<div class=\"siteorigin-widget-tinymce textwidget\">\n\t<p>\"Alles ist m\u00f6glich oder wird m\u00f6glich gemacht\"<\/p>\n<p>Wir bleiben der Leidenschaft f\u00fcr Maschinen und Mechanik treu.<br \/>\nDas oberste Gebot ist die Zuverl\u00e4ssigkeit.<br \/>\nWir sind jederzeit erreichbar und ein schneller Einsatz f\u00fcr und bei unseren<br \/>\nKunden ist selbstverst\u00e4ndlich f\u00fcr uns<br \/>\nund geh\u00f6rt zu unserm Angebot, sowie die Unabh\u00e4ngigkeit<br \/>\nim Bezug auf markenunabh\u00e4ngiges Arbeiten.<\/p>\n<div><\/div>\n<div><\/div>\n<\/div>\n<\/div><\/div><\/div><\/div><\/div>","protected":false},"excerpt":{"rendered":"<p>&#8222;Alles ist m\u00f6glich oder wird m\u00f6glich gemacht&#8220; Wir bleiben der Leidenschaft f\u00fcr Maschinen und Mechanik treu. Das oberste Gebot ist die Zuverl\u00e4ssigkeit. Wir sind jederzeit erreichbar und ein schneller Einsatz f\u00fcr und bei unseren Kunden ist selbstverst\u00e4ndlich f\u00fcr uns und geh\u00f6rt zu unserm Angebot, sowie die Unabh\u00e4ngigkeit im Bezug auf markenunabh\u00e4ngiges Arbeiten.<\/p>\n","protected":false},"author":1,"featured_media":0,"parent":0,"menu_order":0,"comment_status":"closed","ping_status":"closed","template":"","meta":{"footnotes":""},"class_list":["post-88","page","type-page","status-publish","hentry","post"],"yoast_head":"<!-- This site is optimized with the Yoast SEO plugin v27.2 - https:\/\/yoast.com\/product\/yoast-seo-wordpress\/ -->\n<title>Willkommen bei hs mechanik ag - HS-Mechanik<\/title>\n<meta name=\"robots\" content=\"index, follow, max-snippet:-1, max-image-preview:large, max-video-preview:-1\" \/>\n<link rel=\"canonical\" href=\"https:\/\/hsmechanik.ch\/\" \/>\n<meta property=\"og:locale\" content=\"de_DE\" \/>\n<meta property=\"og:type\" content=\"article\" \/>\n<meta property=\"og:title\" content=\"Willkommen bei hs mechanik ag - HS-Mechanik\" \/>\n<meta property=\"og:description\" content=\"&quot;Alles ist m\u00f6glich oder wird m\u00f6glich gemacht&quot; Wir bleiben der Leidenschaft f\u00fcr Maschinen und Mechanik treu. Das oberste Gebot ist die Zuverl\u00e4ssigkeit. Wir sind jederzeit erreichbar und ein schneller Einsatz f\u00fcr und bei unseren Kunden ist selbstverst\u00e4ndlich f\u00fcr uns und geh\u00f6rt zu unserm Angebot, sowie die Unabh\u00e4ngigkeit im Bezug auf markenunabh\u00e4ngiges Arbeiten.\" \/>\n<meta property=\"og:url\" content=\"https:\/\/hsmechanik.ch\/\" \/>\n<meta property=\"og:site_name\" content=\"HS-Mechanik\" \/>\n<meta property=\"article:modified_time\" content=\"2024-01-02T13:34:08+00:00\" \/>\n<meta name=\"twitter:card\" content=\"summary_large_image\" \/>\n<meta name=\"twitter:label1\" content=\"Gesch\u00e4tzte Lesezeit\" \/>\n\t<meta name=\"twitter:data1\" content=\"1\u00a0Minute\" \/>\n<script type=\"application\/ld+json\" class=\"yoast-schema-graph\">{\"@context\":\"https:\/\/schema.org\",\"@graph\":[{\"@type\":\"WebPage\",\"@id\":\"https:\/\/hsmechanik.ch\/\",\"url\":\"https:\/\/hsmechanik.ch\/\",\"name\":\"Willkommen bei hs mechanik ag - HS-Mechanik\",\"isPartOf\":{\"@id\":\"https:\/\/hsmechanik.ch\/#website\"},\"datePublished\":\"2020-10-23T08:28:47+00:00\",\"dateModified\":\"2024-01-02T13:34:08+00:00\",\"breadcrumb\":{\"@id\":\"https:\/\/hsmechanik.ch\/#breadcrumb\"},\"inLanguage\":\"de\",\"potentialAction\":[{\"@type\":\"ReadAction\",\"target\":[\"https:\/\/hsmechanik.ch\/\"]}]},{\"@type\":\"BreadcrumbList\",\"@id\":\"https:\/\/hsmechanik.ch\/#breadcrumb\",\"itemListElement\":[{\"@type\":\"ListItem\",\"position\":1,\"name\":\"Home\",\"item\":\"https:\/\/hsmechanik.ch\/\"},{\"@type\":\"ListItem\",\"position\":2,\"name\":\"Willkommen bei hs mechanik ag\"}]},{\"@type\":\"WebSite\",\"@id\":\"https:\/\/hsmechanik.ch\/#website\",\"url\":\"https:\/\/hsmechanik.ch\/\",\"name\":\"HS-Mechanik\",\"description\":\"Unsere Leidenschaft f\u00fcr Maschinen und Mechanik\",\"publisher\":{\"@id\":\"https:\/\/hsmechanik.ch\/#organization\"},\"potentialAction\":[{\"@type\":\"SearchAction\",\"target\":{\"@type\":\"EntryPoint\",\"urlTemplate\":\"https:\/\/hsmechanik.ch\/?s={search_term_string}\"},\"query-input\":{\"@type\":\"PropertyValueSpecification\",\"valueRequired\":true,\"valueName\":\"search_term_string\"}}],\"inLanguage\":\"de\"},{\"@type\":\"Organization\",\"@id\":\"https:\/\/hsmechanik.ch\/#organization\",\"name\":\"HS Mechanik AG\",\"url\":\"https:\/\/hsmechanik.ch\/\",\"logo\":{\"@type\":\"ImageObject\",\"inLanguage\":\"de\",\"@id\":\"https:\/\/hsmechanik.ch\/#\/schema\/logo\/image\/\",\"url\":\"https:\/\/hsmechanik.ch\/wp-content\/uploads\/2020\/10\/logo-webseite.png\",\"contentUrl\":\"https:\/\/hsmechanik.ch\/wp-content\/uploads\/2020\/10\/logo-webseite.png\",\"width\":461,\"height\":111,\"caption\":\"HS Mechanik AG\"},\"image\":{\"@id\":\"https:\/\/hsmechanik.ch\/#\/schema\/logo\/image\/\"}}]}<\/script>\n<!-- \/ Yoast SEO plugin. -->","yoast_head_json":{"title":"Willkommen bei hs mechanik ag - HS-Mechanik","robots":{"index":"index","follow":"follow","max-snippet":"max-snippet:-1","max-image-preview":"max-image-preview:large","max-video-preview":"max-video-preview:-1"},"canonical":"https:\/\/hsmechanik.ch\/","og_locale":"de_DE","og_type":"article","og_title":"Willkommen bei hs mechanik ag - HS-Mechanik","og_description":"\"Alles ist m\u00f6glich oder wird m\u00f6glich gemacht\" Wir bleiben der Leidenschaft f\u00fcr Maschinen und Mechanik treu. Das oberste Gebot ist die Zuverl\u00e4ssigkeit. Wir sind jederzeit erreichbar und ein schneller Einsatz f\u00fcr und bei unseren Kunden ist selbstverst\u00e4ndlich f\u00fcr uns und geh\u00f6rt zu unserm Angebot, sowie die Unabh\u00e4ngigkeit im Bezug auf markenunabh\u00e4ngiges Arbeiten.","og_url":"https:\/\/hsmechanik.ch\/","og_site_name":"HS-Mechanik","article_modified_time":"2024-01-02T13:34:08+00:00","twitter_card":"summary_large_image","twitter_misc":{"Gesch\u00e4tzte Lesezeit":"1\u00a0Minute"},"schema":{"@context":"https:\/\/schema.org","@graph":[{"@type":"WebPage","@id":"https:\/\/hsmechanik.ch\/","url":"https:\/\/hsmechanik.ch\/","name":"Willkommen bei hs mechanik ag - HS-Mechanik","isPartOf":{"@id":"https:\/\/hsmechanik.ch\/#website"},"datePublished":"2020-10-23T08:28:47+00:00","dateModified":"2024-01-02T13:34:08+00:00","breadcrumb":{"@id":"https:\/\/hsmechanik.ch\/#breadcrumb"},"inLanguage":"de","potentialAction":[{"@type":"ReadAction","target":["https:\/\/hsmechanik.ch\/"]}]},{"@type":"BreadcrumbList","@id":"https:\/\/hsmechanik.ch\/#breadcrumb","itemListElement":[{"@type":"ListItem","position":1,"name":"Home","item":"https:\/\/hsmechanik.ch\/"},{"@type":"ListItem","position":2,"name":"Willkommen bei hs mechanik ag"}]},{"@type":"WebSite","@id":"https:\/\/hsmechanik.ch\/#website","url":"https:\/\/hsmechanik.ch\/","name":"HS-Mechanik","description":"Unsere Leidenschaft f\u00fcr Maschinen und Mechanik","publisher":{"@id":"https:\/\/hsmechanik.ch\/#organization"},"potentialAction":[{"@type":"SearchAction","target":{"@type":"EntryPoint","urlTemplate":"https:\/\/hsmechanik.ch\/?s={search_term_string}"},"query-input":{"@type":"PropertyValueSpecification","valueRequired":true,"valueName":"search_term_string"}}],"inLanguage":"de"},{"@type":"Organization","@id":"https:\/\/hsmechanik.ch\/#organization","name":"HS Mechanik AG","url":"https:\/\/hsmechanik.ch\/","logo":{"@type":"ImageObject","inLanguage":"de","@id":"https:\/\/hsmechanik.ch\/#\/schema\/logo\/image\/","url":"https:\/\/hsmechanik.ch\/wp-content\/uploads\/2020\/10\/logo-webseite.png","contentUrl":"https:\/\/hsmechanik.ch\/wp-content\/uploads\/2020\/10\/logo-webseite.png","width":461,"height":111,"caption":"HS Mechanik AG"},"image":{"@id":"https:\/\/hsmechanik.ch\/#\/schema\/logo\/image\/"}}]}},"_links":{"self":[{"href":"https:\/\/hsmechanik.ch\/index.php\/wp-json\/wp\/v2\/pages\/88","targetHints":{"allow":["GET"]}}],"collection":[{"href":"https:\/\/hsmechanik.ch\/index.php\/wp-json\/wp\/v2\/pages"}],"about":[{"href":"https:\/\/hsmechanik.ch\/index.php\/wp-json\/wp\/v2\/types\/page"}],"author":[{"embeddable":true,"href":"https:\/\/hsmechanik.ch\/index.php\/wp-json\/wp\/v2\/users\/1"}],"replies":[{"embeddable":true,"href":"https:\/\/hsmechanik.ch\/index.php\/wp-json\/wp\/v2\/comments?post=88"}],"version-history":[{"count":10,"href":"https:\/\/hsmechanik.ch\/index.php\/wp-json\/wp\/v2\/pages\/88\/revisions"}],"predecessor-version":[{"id":892,"href":"https:\/\/hsmechanik.ch\/index.php\/wp-json\/wp\/v2\/pages\/88\/revisions\/892"}],"wp:attachment":[{"href":"https:\/\/hsmechanik.ch\/index.php\/wp-json\/wp\/v2\/media?parent=88"}],"curies":[{"name":"wp","href":"https:\/\/api.w.org\/{rel}","templated":true}]}}