{"id":71,"date":"2020-10-23T07:47:13","date_gmt":"2020-10-23T07:47:13","guid":{"rendered":"https:\/\/hsmechanik.ch\/?page_id=71"},"modified":"2025-11-11T16:33:43","modified_gmt":"2025-11-11T16:33:43","slug":"betriebsunterhalt","status":"publish","type":"page","link":"https:\/\/hsmechanik.ch\/index.php\/betriebsunterhalt\/","title":{"rendered":"Betriebsunterhalt, Unterhalts- und Revisionsarbeiten"},"content":{"rendered":"<div id=\"pl-71\"  class=\"panel-layout\" ><div id=\"pg-71-0\"  class=\"panel-grid panel-no-style\" ><div id=\"pgc-71-0-0\"  class=\"panel-grid-cell\" ><div id=\"panel-71-0-0-0\" class=\"so-panel widget widget_sow-editor panel-first-child panel-last-child\" data-index=\"0\" ><div\n\t\t\t\n\t\t\tclass=\"so-widget-sow-editor so-widget-sow-editor-base\"\n\t\t\t\n\t\t>\n<div class=\"siteorigin-widget-tinymce textwidget\">\n\t<p>Unser Kerngesch\u00e4ft ist der <strong>Betriebsunterhalt<\/strong> bei verschiedenen Firmen.<br \/>\nReparaturen, Revisionen, Sonderanfertigungen usw. geh\u00f6ren da zu unserem Aufgabenbereich.<\/p>\n<p>Referenzen:<br \/>\nSFS Arnegg<br \/>\n<a href=\"https:\/\/www.scherrer-zementwaren.ch\/\" target=\"_blank\" rel=\"noopener noreferrer\">Scherrer Zementwaren AG<\/a><br \/>\nGlas Tr\u00f6sch AG, Zweigniederlassung Gossau<\/p>\n<\/div>\n<\/div><\/div><\/div><\/div><div id=\"pg-71-1\"  class=\"panel-grid panel-no-style\" ><div id=\"pgc-71-1-0\"  class=\"panel-grid-cell\" ><div id=\"panel-71-1-0-0\" class=\"so-panel widget widget_text panel-first-child panel-last-child\" data-index=\"1\" >\t\t\t<div class=\"textwidget\"><p>Unterhalts- und Revisionsarbeiten<\/p>\n<\/div>\n\t\t<\/div><\/div><\/div><div id=\"pg-71-2\"  class=\"panel-grid panel-no-style\" ><div id=\"pgc-71-2-0\"  class=\"panel-grid-cell\" ><div id=\"panel-71-2-0-0\" class=\"so-panel widget widget_media_image panel-first-child\" data-index=\"2\" ><img loading=\"lazy\" decoding=\"async\" width=\"225\" height=\"300\" src=\"https:\/\/hsmechanik.ch\/wp-content\/uploads\/2020\/10\/Reparaturen-SFS-225x300.jpg\" class=\"image wp-image-391  attachment-medium size-medium\" alt=\"\" style=\"max-width: 100%; height: auto;\" srcset=\"https:\/\/hsmechanik.ch\/wp-content\/uploads\/2020\/10\/Reparaturen-SFS-225x300.jpg 225w, https:\/\/hsmechanik.ch\/wp-content\/uploads\/2020\/10\/Reparaturen-SFS.jpg 461w\" sizes=\"auto, (max-width: 225px) 100vw, 225px\" \/><\/div><div id=\"panel-71-2-0-1\" class=\"so-panel widget widget_media_image panel-last-child\" data-index=\"3\" ><img loading=\"lazy\" decoding=\"async\" width=\"300\" height=\"202\" src=\"https:\/\/hsmechanik.ch\/wp-content\/uploads\/2020\/11\/Unterhaltsarbeiten-SFS-Arnegg-300x202.jpg\" class=\"image wp-image-604  attachment-medium size-medium\" alt=\"\" style=\"max-width: 100%; height: auto;\" srcset=\"https:\/\/hsmechanik.ch\/wp-content\/uploads\/2020\/11\/Unterhaltsarbeiten-SFS-Arnegg-300x202.jpg 300w, https:\/\/hsmechanik.ch\/wp-content\/uploads\/2020\/11\/Unterhaltsarbeiten-SFS-Arnegg-272x182.jpg 272w, https:\/\/hsmechanik.ch\/wp-content\/uploads\/2020\/11\/Unterhaltsarbeiten-SFS-Arnegg.jpg 600w\" sizes=\"auto, (max-width: 300px) 100vw, 300px\" \/><\/div><\/div><div id=\"pgc-71-2-1\"  class=\"panel-grid-cell\" ><div id=\"panel-71-2-1-0\" class=\"so-panel widget widget_media_image panel-first-child\" data-index=\"4\" ><img loading=\"lazy\" decoding=\"async\" width=\"225\" height=\"300\" src=\"https:\/\/hsmechanik.ch\/wp-content\/uploads\/2020\/11\/SFS-Arnegg-3-225x300.jpg\" class=\"image wp-image-515  attachment-medium size-medium\" alt=\"\" style=\"max-width: 100%; height: auto;\" srcset=\"https:\/\/hsmechanik.ch\/wp-content\/uploads\/2020\/11\/SFS-Arnegg-3-225x300.jpg 225w, https:\/\/hsmechanik.ch\/wp-content\/uploads\/2020\/11\/SFS-Arnegg-3.jpg 461w\" sizes=\"auto, (max-width: 225px) 100vw, 225px\" \/><\/div><div id=\"panel-71-2-1-1\" class=\"so-panel widget widget_media_image panel-last-child\" data-index=\"5\" ><img loading=\"lazy\" decoding=\"async\" width=\"300\" height=\"202\" src=\"https:\/\/hsmechanik.ch\/wp-content\/uploads\/2020\/11\/Unterhaltsarbeiten-SFS-Arnegg-3-300x202.jpg\" class=\"image wp-image-609  attachment-medium size-medium\" alt=\"\" style=\"max-width: 100%; height: auto;\" srcset=\"https:\/\/hsmechanik.ch\/wp-content\/uploads\/2020\/11\/Unterhaltsarbeiten-SFS-Arnegg-3-300x202.jpg 300w, https:\/\/hsmechanik.ch\/wp-content\/uploads\/2020\/11\/Unterhaltsarbeiten-SFS-Arnegg-3-272x182.jpg 272w, https:\/\/hsmechanik.ch\/wp-content\/uploads\/2020\/11\/Unterhaltsarbeiten-SFS-Arnegg-3.jpg 600w\" sizes=\"auto, (max-width: 300px) 100vw, 300px\" \/><\/div><\/div><div id=\"pgc-71-2-2\"  class=\"panel-grid-cell\" ><div id=\"panel-71-2-2-0\" class=\"so-panel widget widget_media_image panel-first-child\" data-index=\"6\" ><img loading=\"lazy\" decoding=\"async\" width=\"225\" height=\"300\" src=\"https:\/\/hsmechanik.ch\/wp-content\/uploads\/2020\/11\/SFS-Arnegg-225x300.jpg\" class=\"image wp-image-516  attachment-medium size-medium\" alt=\"\" style=\"max-width: 100%; height: auto;\" srcset=\"https:\/\/hsmechanik.ch\/wp-content\/uploads\/2020\/11\/SFS-Arnegg-225x300.jpg 225w, https:\/\/hsmechanik.ch\/wp-content\/uploads\/2020\/11\/SFS-Arnegg.jpg 461w\" sizes=\"auto, (max-width: 225px) 100vw, 225px\" \/><\/div><div id=\"panel-71-2-2-1\" class=\"so-panel widget widget_media_image panel-last-child\" data-index=\"7\" ><img loading=\"lazy\" decoding=\"async\" width=\"300\" height=\"202\" src=\"https:\/\/hsmechanik.ch\/wp-content\/uploads\/2020\/11\/Unterhaltsarbeiten-SFS-Arnegg-2-300x202.jpg\" class=\"image wp-image-610  attachment-medium size-medium\" alt=\"\" style=\"max-width: 100%; height: auto;\" srcset=\"https:\/\/hsmechanik.ch\/wp-content\/uploads\/2020\/11\/Unterhaltsarbeiten-SFS-Arnegg-2-300x202.jpg 300w, https:\/\/hsmechanik.ch\/wp-content\/uploads\/2020\/11\/Unterhaltsarbeiten-SFS-Arnegg-2-272x182.jpg 272w, https:\/\/hsmechanik.ch\/wp-content\/uploads\/2020\/11\/Unterhaltsarbeiten-SFS-Arnegg-2.jpg 600w\" sizes=\"auto, (max-width: 300px) 100vw, 300px\" \/><\/div><\/div><div id=\"pgc-71-2-3\"  class=\"panel-grid-cell\" ><div id=\"panel-71-2-3-0\" class=\"so-panel widget widget_media_image panel-first-child\" data-index=\"8\" ><img loading=\"lazy\" decoding=\"async\" width=\"169\" height=\"300\" src=\"https:\/\/hsmechanik.ch\/wp-content\/uploads\/2020\/10\/SFS-169x300.jpg\" class=\"image wp-image-394  attachment-medium size-medium\" alt=\"\" style=\"max-width: 100%; height: auto;\" srcset=\"https:\/\/hsmechanik.ch\/wp-content\/uploads\/2020\/10\/SFS-169x300.jpg 169w, https:\/\/hsmechanik.ch\/wp-content\/uploads\/2020\/10\/SFS.jpg 461w\" sizes=\"auto, (max-width: 169px) 100vw, 169px\" \/><\/div><div id=\"panel-71-2-3-1\" class=\"so-panel widget widget_media_image panel-last-child\" data-index=\"9\" ><img loading=\"lazy\" decoding=\"async\" width=\"300\" height=\"202\" src=\"https:\/\/hsmechanik.ch\/wp-content\/uploads\/2020\/11\/Unterhaltsarbeiten-SFS-Arnegg-4-300x202.jpg\" class=\"image wp-image-608  attachment-medium size-medium\" alt=\"\" style=\"max-width: 100%; height: auto;\" srcset=\"https:\/\/hsmechanik.ch\/wp-content\/uploads\/2020\/11\/Unterhaltsarbeiten-SFS-Arnegg-4-300x202.jpg 300w, https:\/\/hsmechanik.ch\/wp-content\/uploads\/2020\/11\/Unterhaltsarbeiten-SFS-Arnegg-4-272x182.jpg 272w, https:\/\/hsmechanik.ch\/wp-content\/uploads\/2020\/11\/Unterhaltsarbeiten-SFS-Arnegg-4.jpg 600w\" sizes=\"auto, (max-width: 300px) 100vw, 300px\" \/><\/div><\/div><\/div><div id=\"pg-71-3\"  class=\"panel-grid panel-no-style\" ><div id=\"pgc-71-3-0\"  class=\"panel-grid-cell\" ><div id=\"panel-71-3-0-0\" class=\"so-panel widget widget_text panel-first-child panel-last-child\" data-index=\"10\" >\t\t\t<div class=\"textwidget\"><p>Reparaturen und Sonderanfertigungen<\/p>\n<\/div>\n\t\t<\/div><\/div><\/div><div id=\"pg-71-4\"  class=\"panel-grid panel-no-style\" ><div id=\"pgc-71-4-0\"  class=\"panel-grid-cell\" ><div id=\"panel-71-4-0-0\" class=\"so-panel widget widget_media_image panel-first-child panel-last-child\" data-index=\"11\" ><img loading=\"lazy\" decoding=\"async\" width=\"169\" height=\"300\" src=\"https:\/\/hsmechanik.ch\/wp-content\/uploads\/2020\/11\/Anfertigung-und-Montage-Bedienertableau-einer-Brueckenwaage-2.-169x300.jpg\" class=\"image wp-image-487  attachment-medium size-medium\" alt=\"\" style=\"max-width: 100%; height: auto;\" srcset=\"https:\/\/hsmechanik.ch\/wp-content\/uploads\/2020\/11\/Anfertigung-und-Montage-Bedienertableau-einer-Brueckenwaage-2.-169x300.jpg 169w, https:\/\/hsmechanik.ch\/wp-content\/uploads\/2020\/11\/Anfertigung-und-Montage-Bedienertableau-einer-Brueckenwaage-2..jpg 461w\" sizes=\"auto, (max-width: 169px) 100vw, 169px\" \/><\/div><\/div><div id=\"pgc-71-4-1\"  class=\"panel-grid-cell\" ><div id=\"panel-71-4-1-0\" class=\"so-panel widget widget_media_image panel-first-child panel-last-child\" data-index=\"12\" ><img loading=\"lazy\" decoding=\"async\" width=\"225\" height=\"300\" src=\"https:\/\/hsmechanik.ch\/wp-content\/uploads\/2020\/10\/Scherrer-Zementwaren-225x300.jpg\" class=\"image wp-image-304  attachment-medium size-medium\" alt=\"\" style=\"max-width: 100%; height: auto;\" srcset=\"https:\/\/hsmechanik.ch\/wp-content\/uploads\/2020\/10\/Scherrer-Zementwaren-225x300.jpg 225w, https:\/\/hsmechanik.ch\/wp-content\/uploads\/2020\/10\/Scherrer-Zementwaren.jpg 461w\" sizes=\"auto, (max-width: 225px) 100vw, 225px\" \/><\/div><\/div><div id=\"pgc-71-4-2\"  class=\"panel-grid-cell\" ><div id=\"panel-71-4-2-0\" class=\"so-panel widget widget_media_image panel-first-child panel-last-child\" data-index=\"13\" ><img loading=\"lazy\" decoding=\"async\" width=\"225\" height=\"300\" src=\"https:\/\/hsmechanik.ch\/wp-content\/uploads\/2020\/10\/Scherrer-Zementwaren-AG-225x300.jpg\" class=\"image wp-image-303  attachment-medium size-medium\" alt=\"\" style=\"max-width: 100%; height: auto;\" srcset=\"https:\/\/hsmechanik.ch\/wp-content\/uploads\/2020\/10\/Scherrer-Zementwaren-AG-225x300.jpg 225w, https:\/\/hsmechanik.ch\/wp-content\/uploads\/2020\/10\/Scherrer-Zementwaren-AG.jpg 461w\" sizes=\"auto, (max-width: 225px) 100vw, 225px\" \/><\/div><\/div><div id=\"pgc-71-4-3\"  class=\"panel-grid-cell\" ><div id=\"panel-71-4-3-0\" class=\"so-panel widget widget_media_image panel-first-child panel-last-child\" data-index=\"14\" ><img loading=\"lazy\" decoding=\"async\" width=\"300\" height=\"202\" src=\"https:\/\/hsmechanik.ch\/wp-content\/uploads\/2020\/11\/Anpassung-und-Einbau-neuer-Sandschnecken-im-Kieswerk-2-300x202.jpg\" class=\"image wp-image-490  attachment-medium size-medium\" alt=\"\" style=\"max-width: 100%; height: auto;\" srcset=\"https:\/\/hsmechanik.ch\/wp-content\/uploads\/2020\/11\/Anpassung-und-Einbau-neuer-Sandschnecken-im-Kieswerk-2-300x202.jpg 300w, https:\/\/hsmechanik.ch\/wp-content\/uploads\/2020\/11\/Anpassung-und-Einbau-neuer-Sandschnecken-im-Kieswerk-2-272x182.jpg 272w, https:\/\/hsmechanik.ch\/wp-content\/uploads\/2020\/11\/Anpassung-und-Einbau-neuer-Sandschnecken-im-Kieswerk-2.jpg 600w\" sizes=\"auto, (max-width: 300px) 100vw, 300px\" \/><\/div><\/div><\/div><div id=\"pg-71-5\"  class=\"panel-grid panel-no-style\" ><div id=\"pgc-71-5-0\"  class=\"panel-grid-cell\" ><div id=\"panel-71-5-0-0\" class=\"so-panel widget widget_text panel-first-child panel-last-child\" data-index=\"15\" >\t\t\t<div class=\"textwidget\"><p>Hydraulikaggregat-Service<\/p>\n<\/div>\n\t\t<\/div><\/div><\/div><div id=\"pg-71-6\"  class=\"panel-grid panel-no-style\" ><div id=\"pgc-71-6-0\"  class=\"panel-grid-cell\" ><div id=\"panel-71-6-0-0\" class=\"so-panel widget widget_media_image panel-first-child panel-last-child\" data-index=\"16\" ><img loading=\"lazy\" decoding=\"async\" width=\"300\" height=\"300\" src=\"https:\/\/hsmechanik.ch\/wp-content\/uploads\/2020\/11\/Hydraulikaggregat-Service-300x300.jpg\" class=\"image wp-image-522  attachment-medium size-medium\" alt=\"\" style=\"max-width: 100%; height: auto;\" srcset=\"https:\/\/hsmechanik.ch\/wp-content\/uploads\/2020\/11\/Hydraulikaggregat-Service-300x300.jpg 300w, https:\/\/hsmechanik.ch\/wp-content\/uploads\/2020\/11\/Hydraulikaggregat-Service-150x150.jpg 150w, https:\/\/hsmechanik.ch\/wp-content\/uploads\/2020\/11\/Hydraulikaggregat-Service.jpg 600w\" sizes=\"auto, (max-width: 300px) 100vw, 300px\" \/><\/div><\/div><div id=\"pgc-71-6-1\"  class=\"panel-grid-cell\" ><div id=\"panel-71-6-1-0\" class=\"so-panel widget widget_media_image panel-first-child panel-last-child\" data-index=\"17\" ><img loading=\"lazy\" decoding=\"async\" width=\"300\" height=\"300\" src=\"https:\/\/hsmechanik.ch\/wp-content\/uploads\/2020\/11\/Hydraulikaggregat-Service-2-300x300.jpg\" class=\"image wp-image-521  attachment-medium size-medium\" alt=\"\" style=\"max-width: 100%; height: auto;\" srcset=\"https:\/\/hsmechanik.ch\/wp-content\/uploads\/2020\/11\/Hydraulikaggregat-Service-2-300x300.jpg 300w, https:\/\/hsmechanik.ch\/wp-content\/uploads\/2020\/11\/Hydraulikaggregat-Service-2-150x150.jpg 150w, https:\/\/hsmechanik.ch\/wp-content\/uploads\/2020\/11\/Hydraulikaggregat-Service-2.jpg 600w\" sizes=\"auto, (max-width: 300px) 100vw, 300px\" \/><\/div><\/div><div id=\"pgc-71-6-2\"  class=\"panel-grid-cell panel-grid-cell-mobile-last\" ><\/div><div id=\"pgc-71-6-3\"  class=\"panel-grid-cell panel-grid-cell-empty\" ><\/div><\/div><\/div>","protected":false},"excerpt":{"rendered":"<p>Unser Kerngesch\u00e4ft ist der Betriebsunterhalt bei verschiedenen Firmen. Reparaturen, Revisionen, Sonderanfertigungen usw. geh\u00f6ren da zu unserem Aufgabenbereich. Referenzen: SFS Arnegg Scherrer Zementwaren AG Glas Tr\u00f6sch AG, Zweigniederlassung Gossau Unterhalts- und Revisionsarbeiten<\/p>\n","protected":false},"author":1,"featured_media":0,"parent":0,"menu_order":0,"comment_status":"closed","ping_status":"closed","template":"","meta":{"footnotes":""},"class_list":["post-71","page","type-page","status-publish","hentry","post"],"yoast_head":"<!-- This site is optimized with the Yoast SEO plugin v27.2 - https:\/\/yoast.com\/product\/yoast-seo-wordpress\/ -->\n<title>Betriebsunterhalt, Unterhalts- und Revisionsarbeiten - HS-Mechanik<\/title>\n<meta name=\"robots\" content=\"index, follow, max-snippet:-1, max-image-preview:large, max-video-preview:-1\" \/>\n<link rel=\"canonical\" href=\"https:\/\/hsmechanik.ch\/index.php\/betriebsunterhalt\/\" \/>\n<meta property=\"og:locale\" content=\"de_DE\" \/>\n<meta property=\"og:type\" content=\"article\" \/>\n<meta property=\"og:title\" content=\"Betriebsunterhalt, Unterhalts- und Revisionsarbeiten - HS-Mechanik\" \/>\n<meta property=\"og:description\" content=\"Unser Kerngesch\u00e4ft ist der Betriebsunterhalt bei verschiedenen Firmen. Reparaturen, Revisionen, Sonderanfertigungen usw. geh\u00f6ren da zu unserem Aufgabenbereich. Referenzen: SFS Arnegg Scherrer Zementwaren AG Glas Tr\u00f6sch AG, Zweigniederlassung Gossau Unterhalts- und Revisionsarbeiten\" \/>\n<meta property=\"og:url\" content=\"https:\/\/hsmechanik.ch\/index.php\/betriebsunterhalt\/\" \/>\n<meta property=\"og:site_name\" content=\"HS-Mechanik\" \/>\n<meta property=\"article:modified_time\" content=\"2025-11-11T16:33:43+00:00\" \/>\n<meta name=\"twitter:card\" content=\"summary_large_image\" \/>\n<meta name=\"twitter:label1\" content=\"Gesch\u00e4tzte Lesezeit\" \/>\n\t<meta name=\"twitter:data1\" content=\"4\u00a0Minuten\" \/>\n<script type=\"application\/ld+json\" class=\"yoast-schema-graph\">{\"@context\":\"https:\/\/schema.org\",\"@graph\":[{\"@type\":\"WebPage\",\"@id\":\"https:\/\/hsmechanik.ch\/index.php\/betriebsunterhalt\/\",\"url\":\"https:\/\/hsmechanik.ch\/index.php\/betriebsunterhalt\/\",\"name\":\"Betriebsunterhalt, Unterhalts- und Revisionsarbeiten - HS-Mechanik\",\"isPartOf\":{\"@id\":\"https:\/\/hsmechanik.ch\/#website\"},\"datePublished\":\"2020-10-23T07:47:13+00:00\",\"dateModified\":\"2025-11-11T16:33:43+00:00\",\"breadcrumb\":{\"@id\":\"https:\/\/hsmechanik.ch\/index.php\/betriebsunterhalt\/#breadcrumb\"},\"inLanguage\":\"de\",\"potentialAction\":[{\"@type\":\"ReadAction\",\"target\":[\"https:\/\/hsmechanik.ch\/index.php\/betriebsunterhalt\/\"]}]},{\"@type\":\"BreadcrumbList\",\"@id\":\"https:\/\/hsmechanik.ch\/index.php\/betriebsunterhalt\/#breadcrumb\",\"itemListElement\":[{\"@type\":\"ListItem\",\"position\":1,\"name\":\"Home\",\"item\":\"https:\/\/hsmechanik.ch\/\"},{\"@type\":\"ListItem\",\"position\":2,\"name\":\"Betriebsunterhalt, Unterhalts- und Revisionsarbeiten\"}]},{\"@type\":\"WebSite\",\"@id\":\"https:\/\/hsmechanik.ch\/#website\",\"url\":\"https:\/\/hsmechanik.ch\/\",\"name\":\"HS-Mechanik\",\"description\":\"Unsere Leidenschaft f\u00fcr Maschinen und Mechanik\",\"publisher\":{\"@id\":\"https:\/\/hsmechanik.ch\/#organization\"},\"potentialAction\":[{\"@type\":\"SearchAction\",\"target\":{\"@type\":\"EntryPoint\",\"urlTemplate\":\"https:\/\/hsmechanik.ch\/?s={search_term_string}\"},\"query-input\":{\"@type\":\"PropertyValueSpecification\",\"valueRequired\":true,\"valueName\":\"search_term_string\"}}],\"inLanguage\":\"de\"},{\"@type\":\"Organization\",\"@id\":\"https:\/\/hsmechanik.ch\/#organization\",\"name\":\"HS Mechanik AG\",\"url\":\"https:\/\/hsmechanik.ch\/\",\"logo\":{\"@type\":\"ImageObject\",\"inLanguage\":\"de\",\"@id\":\"https:\/\/hsmechanik.ch\/#\/schema\/logo\/image\/\",\"url\":\"https:\/\/hsmechanik.ch\/wp-content\/uploads\/2020\/10\/logo-webseite.png\",\"contentUrl\":\"https:\/\/hsmechanik.ch\/wp-content\/uploads\/2020\/10\/logo-webseite.png\",\"width\":461,\"height\":111,\"caption\":\"HS Mechanik AG\"},\"image\":{\"@id\":\"https:\/\/hsmechanik.ch\/#\/schema\/logo\/image\/\"}}]}<\/script>\n<!-- \/ Yoast SEO plugin. -->","yoast_head_json":{"title":"Betriebsunterhalt, Unterhalts- und Revisionsarbeiten - HS-Mechanik","robots":{"index":"index","follow":"follow","max-snippet":"max-snippet:-1","max-image-preview":"max-image-preview:large","max-video-preview":"max-video-preview:-1"},"canonical":"https:\/\/hsmechanik.ch\/index.php\/betriebsunterhalt\/","og_locale":"de_DE","og_type":"article","og_title":"Betriebsunterhalt, Unterhalts- und Revisionsarbeiten - HS-Mechanik","og_description":"Unser Kerngesch\u00e4ft ist der Betriebsunterhalt bei verschiedenen Firmen. Reparaturen, Revisionen, Sonderanfertigungen usw. geh\u00f6ren da zu unserem Aufgabenbereich. Referenzen: SFS Arnegg Scherrer Zementwaren AG Glas Tr\u00f6sch AG, Zweigniederlassung Gossau Unterhalts- und Revisionsarbeiten","og_url":"https:\/\/hsmechanik.ch\/index.php\/betriebsunterhalt\/","og_site_name":"HS-Mechanik","article_modified_time":"2025-11-11T16:33:43+00:00","twitter_card":"summary_large_image","twitter_misc":{"Gesch\u00e4tzte Lesezeit":"4\u00a0Minuten"},"schema":{"@context":"https:\/\/schema.org","@graph":[{"@type":"WebPage","@id":"https:\/\/hsmechanik.ch\/index.php\/betriebsunterhalt\/","url":"https:\/\/hsmechanik.ch\/index.php\/betriebsunterhalt\/","name":"Betriebsunterhalt, Unterhalts- und Revisionsarbeiten - HS-Mechanik","isPartOf":{"@id":"https:\/\/hsmechanik.ch\/#website"},"datePublished":"2020-10-23T07:47:13+00:00","dateModified":"2025-11-11T16:33:43+00:00","breadcrumb":{"@id":"https:\/\/hsmechanik.ch\/index.php\/betriebsunterhalt\/#breadcrumb"},"inLanguage":"de","potentialAction":[{"@type":"ReadAction","target":["https:\/\/hsmechanik.ch\/index.php\/betriebsunterhalt\/"]}]},{"@type":"BreadcrumbList","@id":"https:\/\/hsmechanik.ch\/index.php\/betriebsunterhalt\/#breadcrumb","itemListElement":[{"@type":"ListItem","position":1,"name":"Home","item":"https:\/\/hsmechanik.ch\/"},{"@type":"ListItem","position":2,"name":"Betriebsunterhalt, Unterhalts- und Revisionsarbeiten"}]},{"@type":"WebSite","@id":"https:\/\/hsmechanik.ch\/#website","url":"https:\/\/hsmechanik.ch\/","name":"HS-Mechanik","description":"Unsere Leidenschaft f\u00fcr Maschinen und Mechanik","publisher":{"@id":"https:\/\/hsmechanik.ch\/#organization"},"potentialAction":[{"@type":"SearchAction","target":{"@type":"EntryPoint","urlTemplate":"https:\/\/hsmechanik.ch\/?s={search_term_string}"},"query-input":{"@type":"PropertyValueSpecification","valueRequired":true,"valueName":"search_term_string"}}],"inLanguage":"de"},{"@type":"Organization","@id":"https:\/\/hsmechanik.ch\/#organization","name":"HS Mechanik AG","url":"https:\/\/hsmechanik.ch\/","logo":{"@type":"ImageObject","inLanguage":"de","@id":"https:\/\/hsmechanik.ch\/#\/schema\/logo\/image\/","url":"https:\/\/hsmechanik.ch\/wp-content\/uploads\/2020\/10\/logo-webseite.png","contentUrl":"https:\/\/hsmechanik.ch\/wp-content\/uploads\/2020\/10\/logo-webseite.png","width":461,"height":111,"caption":"HS Mechanik AG"},"image":{"@id":"https:\/\/hsmechanik.ch\/#\/schema\/logo\/image\/"}}]}},"_links":{"self":[{"href":"https:\/\/hsmechanik.ch\/index.php\/wp-json\/wp\/v2\/pages\/71","targetHints":{"allow":["GET"]}}],"collection":[{"href":"https:\/\/hsmechanik.ch\/index.php\/wp-json\/wp\/v2\/pages"}],"about":[{"href":"https:\/\/hsmechanik.ch\/index.php\/wp-json\/wp\/v2\/types\/page"}],"author":[{"embeddable":true,"href":"https:\/\/hsmechanik.ch\/index.php\/wp-json\/wp\/v2\/users\/1"}],"replies":[{"embeddable":true,"href":"https:\/\/hsmechanik.ch\/index.php\/wp-json\/wp\/v2\/comments?post=71"}],"version-history":[{"count":79,"href":"https:\/\/hsmechanik.ch\/index.php\/wp-json\/wp\/v2\/pages\/71\/revisions"}],"predecessor-version":[{"id":920,"href":"https:\/\/hsmechanik.ch\/index.php\/wp-json\/wp\/v2\/pages\/71\/revisions\/920"}],"wp:attachment":[{"href":"https:\/\/hsmechanik.ch\/index.php\/wp-json\/wp\/v2\/media?parent=71"}],"curies":[{"name":"wp","href":"https:\/\/api.w.org\/{rel}","templated":true}]}}